{"id":2565,"date":"2024-01-08T12:13:11","date_gmt":"2024-01-08T15:13:11","guid":{"rendered":"https:\/\/ccdmdq.com.ar\/?page_id=2565"},"modified":"2025-01-22T23:15:21","modified_gmt":"2025-01-23T02:15:21","slug":"novedades","status":"publish","type":"page","link":"https:\/\/ccdmdp.com.ar\/?page_id=2565","title":{"rendered":"NOVEDADES"},"content":{"rendered":"\t\t<div data-elementor-type=\"wp-page\" data-elementor-id=\"2565\" class=\"elementor elementor-2565\" data-elementor-post-type=\"page\">\n\t\t\t\t<div class=\"elementor-element elementor-element-e6c45d8 e-flex e-con-boxed e-con e-parent\" data-id=\"e6c45d8\" data-element_type=\"container\" data-e-type=\"container\" data-settings=\"{&quot;background_background&quot;:&quot;classic&quot;}\">\n\t\t\t\t\t<div class=\"e-con-inner\">\n\t\t\t\t\t<\/div>\n\t\t\t\t<\/div>\n\t\t<div class=\"elementor-element elementor-element-07f2e4a e-flex e-con-boxed e-con e-parent\" data-id=\"07f2e4a\" data-element_type=\"container\" data-e-type=\"container\">\n\t\t\t\t\t<div class=\"e-con-inner\">\n\t\t\t\t<div class=\"elementor-element elementor-element-6967e14 elementor-widget elementor-widget-heading\" data-id=\"6967e14\" data-element_type=\"widget\" data-e-type=\"widget\" data-widget_type=\"heading.default\">\n\t\t\t\t<div class=\"elementor-widget-container\">\n\t\t\t\t\t<h1 class=\"elementor-heading-title elementor-size-default\">Novedades<\/h1>\t\t\t\t<\/div>\n\t\t\t\t<\/div>\n\t\t\t\t\t<\/div>\n\t\t\t\t<\/div>\n\t\t<div class=\"elementor-element elementor-element-43b7aae e-flex e-con-boxed e-con e-parent\" data-id=\"43b7aae\" data-element_type=\"container\" data-e-type=\"container\">\n\t\t\t\t\t<div class=\"e-con-inner\">\n\t\t\t\t<div class=\"elementor-element elementor-element-2275b09 elementor-grid-3 elementor-grid-tablet-2 elementor-grid-mobile-1 elementor-posts--thumbnail-top elementor-posts__hover-gradient elementor-widget elementor-widget-posts\" data-id=\"2275b09\" data-element_type=\"widget\" data-e-type=\"widget\" data-settings=\"{&quot;cards_columns&quot;:&quot;3&quot;,&quot;cards_columns_tablet&quot;:&quot;2&quot;,&quot;cards_columns_mobile&quot;:&quot;1&quot;,&quot;cards_row_gap&quot;:{&quot;unit&quot;:&quot;px&quot;,&quot;size&quot;:35,&quot;sizes&quot;:[]},&quot;cards_row_gap_tablet&quot;:{&quot;unit&quot;:&quot;px&quot;,&quot;size&quot;:&quot;&quot;,&quot;sizes&quot;:[]},&quot;cards_row_gap_mobile&quot;:{&quot;unit&quot;:&quot;px&quot;,&quot;size&quot;:&quot;&quot;,&quot;sizes&quot;:[]}}\" data-widget_type=\"posts.cards\">\n\t\t\t\t<div class=\"elementor-widget-container\">\n\t\t\t\t\t\t\t<div class=\"elementor-posts-container elementor-posts elementor-posts--skin-cards elementor-grid\">\n\t\t\t\t<article class=\"elementor-post elementor-grid-item post-4334 post type-post status-publish format-standard has-post-thumbnail hentry category-eventos category-novedades category-servicio-de-cuidados tag-construccioncolectiva tag-serviciodecuidados tag-trabajocooperativo-serviciodecuidados-cuidadoras-cuidadores\">\n\t\t\t<div class=\"elementor-post__card\">\n\t\t\t\t<a class=\"elementor-post__thumbnail__link\" href=\"https:\/\/ccdmdp.com.ar\/?p=4334\" tabindex=\"-1\" ><div class=\"elementor-post__thumbnail\"><img fetchpriority=\"high\" decoding=\"async\" width=\"240\" height=\"300\" src=\"https:\/\/ccdmdp.com.ar\/wp-content\/uploads\/2026\/01\/14-ANIVERSARIO-CCD-Post-de-Instagram-45-240x300.png\" class=\"attachment-medium size-medium wp-image-4335\" alt=\"\" srcset=\"https:\/\/ccdmdp.com.ar\/wp-content\/uploads\/2026\/01\/14-ANIVERSARIO-CCD-Post-de-Instagram-45-240x300.png 240w, https:\/\/ccdmdp.com.ar\/wp-content\/uploads\/2026\/01\/14-ANIVERSARIO-CCD-Post-de-Instagram-45-819x1024.png 819w, https:\/\/ccdmdp.com.ar\/wp-content\/uploads\/2026\/01\/14-ANIVERSARIO-CCD-Post-de-Instagram-45-768x960.png 768w, https:\/\/ccdmdp.com.ar\/wp-content\/uploads\/2026\/01\/14-ANIVERSARIO-CCD-Post-de-Instagram-45.png 1080w\" sizes=\"(max-width: 240px) 100vw, 240px\" \/><\/div><\/a>\n\t\t\t\t<div class=\"elementor-post__text\">\n\t\t\t\t<h3 class=\"elementor-post__title\">\n\t\t\t<a href=\"https:\/\/ccdmdp.com.ar\/?p=4334\" >\n\t\t\t\t14\u00ba Aniversario de nuestra cooperativa\t\t\t<\/a>\n\t\t<\/h3>\n\t\t\t\t<div class=\"elementor-post__excerpt\">\n\t\t\t<p>14\u00b0 Aniversario de nuestra Cooperativa de Cuidadores Domiciliarios Celebramos 14 a\u00f1os de trayectoria en Mar del Plata, construyendo una cooperativa<\/p>\n\t\t<\/div>\n\t\t\n\t\t<a class=\"elementor-post__read-more\" href=\"https:\/\/ccdmdp.com.ar\/?p=4334\" aria-label=\"Read more about 14\u00ba Aniversario de nuestra cooperativa\" tabindex=\"-1\" >\n\t\t\tLEER M\u00c1S\t\t<\/a>\n\n\t\t\t\t<\/div>\n\t\t\t\t\t<\/div>\n\t\t<\/article>\n\t\t\t\t<article class=\"elementor-post elementor-grid-item post-4340 post type-post status-publish format-standard has-post-thumbnail hentry category-eventos category-novedades\">\n\t\t\t<div class=\"elementor-post__card\">\n\t\t\t\t<a class=\"elementor-post__thumbnail__link\" href=\"https:\/\/ccdmdp.com.ar\/?p=4340\" tabindex=\"-1\" ><div class=\"elementor-post__thumbnail\"><img decoding=\"async\" width=\"300\" height=\"300\" src=\"https:\/\/ccdmdp.com.ar\/wp-content\/uploads\/2026\/01\/FELIZ-ANO-NUEVO-300x300.png\" class=\"attachment-medium size-medium wp-image-4341\" alt=\"\" srcset=\"https:\/\/ccdmdp.com.ar\/wp-content\/uploads\/2026\/01\/FELIZ-ANO-NUEVO-300x300.png 300w, https:\/\/ccdmdp.com.ar\/wp-content\/uploads\/2026\/01\/FELIZ-ANO-NUEVO-1024x1024.png 1024w, https:\/\/ccdmdp.com.ar\/wp-content\/uploads\/2026\/01\/FELIZ-ANO-NUEVO-150x150.png 150w, https:\/\/ccdmdp.com.ar\/wp-content\/uploads\/2026\/01\/FELIZ-ANO-NUEVO-768x768.png 768w, https:\/\/ccdmdp.com.ar\/wp-content\/uploads\/2026\/01\/FELIZ-ANO-NUEVO.png 1080w\" sizes=\"(max-width: 300px) 100vw, 300px\" \/><\/div><\/a>\n\t\t\t\t<div class=\"elementor-post__text\">\n\t\t\t\t<h3 class=\"elementor-post__title\">\n\t\t\t<a href=\"https:\/\/ccdmdp.com.ar\/?p=4340\" >\n\t\t\t\tFeliz A\u00f1o Nuevo!!\t\t\t<\/a>\n\t\t<\/h3>\n\t\t\t\t<div class=\"elementor-post__excerpt\">\n\t\t\t<p>En estas fiestas saludamos a la comunidad y en especial a las familias que contin\u00faan confiando en nosotros. Agradecemos el<\/p>\n\t\t<\/div>\n\t\t\n\t\t<a class=\"elementor-post__read-more\" href=\"https:\/\/ccdmdp.com.ar\/?p=4340\" aria-label=\"Read more about Feliz A\u00f1o Nuevo!!\" tabindex=\"-1\" >\n\t\t\tLEER M\u00c1S\t\t<\/a>\n\n\t\t\t\t<\/div>\n\t\t\t\t\t<\/div>\n\t\t<\/article>\n\t\t\t\t<article class=\"elementor-post elementor-grid-item post-4337 post type-post status-publish format-standard has-post-thumbnail hentry category-eventos category-novedades\">\n\t\t\t<div class=\"elementor-post__card\">\n\t\t\t\t<a class=\"elementor-post__thumbnail__link\" href=\"https:\/\/ccdmdp.com.ar\/?p=4337\" tabindex=\"-1\" ><div class=\"elementor-post__thumbnail\"><img decoding=\"async\" width=\"300\" height=\"300\" src=\"https:\/\/ccdmdp.com.ar\/wp-content\/uploads\/2026\/01\/FELIZ-NAVIDAD-300x300.png\" class=\"attachment-medium size-medium wp-image-4338\" alt=\"\" srcset=\"https:\/\/ccdmdp.com.ar\/wp-content\/uploads\/2026\/01\/FELIZ-NAVIDAD-300x300.png 300w, https:\/\/ccdmdp.com.ar\/wp-content\/uploads\/2026\/01\/FELIZ-NAVIDAD-1024x1024.png 1024w, https:\/\/ccdmdp.com.ar\/wp-content\/uploads\/2026\/01\/FELIZ-NAVIDAD-150x150.png 150w, https:\/\/ccdmdp.com.ar\/wp-content\/uploads\/2026\/01\/FELIZ-NAVIDAD-768x768.png 768w, https:\/\/ccdmdp.com.ar\/wp-content\/uploads\/2026\/01\/FELIZ-NAVIDAD.png 1080w\" sizes=\"(max-width: 300px) 100vw, 300px\" \/><\/div><\/a>\n\t\t\t\t<div class=\"elementor-post__text\">\n\t\t\t\t<h3 class=\"elementor-post__title\">\n\t\t\t<a href=\"https:\/\/ccdmdp.com.ar\/?p=4337\" >\n\t\t\t\tFeliz Navidad 2025\t\t\t<\/a>\n\t\t<\/h3>\n\t\t\t\t<div class=\"elementor-post__excerpt\">\n\t\t\t<p>En estas fiestas saludamos a la comunidad y en especial a las instituciones del movimiento cooperativo. Agradecemos el camino compartido<\/p>\n\t\t<\/div>\n\t\t\n\t\t<a class=\"elementor-post__read-more\" href=\"https:\/\/ccdmdp.com.ar\/?p=4337\" aria-label=\"Read more about Feliz Navidad 2025\" tabindex=\"-1\" >\n\t\t\tLEER M\u00c1S\t\t<\/a>\n\n\t\t\t\t<\/div>\n\t\t\t\t\t<\/div>\n\t\t<\/article>\n\t\t\t\t<article class=\"elementor-post elementor-grid-item post-4317 post type-post status-publish format-standard hentry category-capacitaciones category-eventos category-novedades category-servicio-de-cuidados tag-5principiocooperativo-capacitacionpermanente tag-cuidadoresdomiciliarios tag-personasquecuidan tag-serviciodecuidados tag-trabajocooperativo tag-trabajocooperativo-serviciodecuidados-cuidadoras-cuidadores\">\n\t\t\t<div class=\"elementor-post__card\">\n\t\t\t\t<div class=\"elementor-post__text\">\n\t\t\t\t<h3 class=\"elementor-post__title\">\n\t\t\t<a href=\"https:\/\/ccdmdp.com.ar\/?p=4317\" >\n\t\t\t\tCurso de Formaci\u00f3n de Cuidadores Domiciliarios Cooperativos &#8211; Actividad final\t\t\t<\/a>\n\t\t<\/h3>\n\t\t\t\t<div class=\"elementor-post__excerpt\">\n\t\t\t<p>El s\u00e1bado 29 de noviembre, a partir de las 9 hs, en la Plaza Col\u00f3n de nuestra ciudad, los alumnos<\/p>\n\t\t<\/div>\n\t\t\n\t\t<a class=\"elementor-post__read-more\" href=\"https:\/\/ccdmdp.com.ar\/?p=4317\" aria-label=\"Read more about Curso de Formaci\u00f3n de Cuidadores Domiciliarios Cooperativos &#8211; Actividad final\" tabindex=\"-1\" >\n\t\t\tLEER M\u00c1S\t\t<\/a>\n\n\t\t\t\t<\/div>\n\t\t\t\t\t<\/div>\n\t\t<\/article>\n\t\t\t\t<article class=\"elementor-post elementor-grid-item post-4309 post type-post status-publish format-standard has-post-thumbnail hentry category-eventos category-novedades category-servicio-de-cuidados\">\n\t\t\t<div class=\"elementor-post__card\">\n\t\t\t\t<a class=\"elementor-post__thumbnail__link\" href=\"https:\/\/ccdmdp.com.ar\/?p=4309\" tabindex=\"-1\" ><div class=\"elementor-post__thumbnail\"><img loading=\"lazy\" decoding=\"async\" width=\"300\" height=\"157\" src=\"https:\/\/ccdmdp.com.ar\/wp-content\/uploads\/2025\/12\/589382698_1284311597073169_4837732979420826263_n-300x157.jpg\" class=\"attachment-medium size-medium wp-image-4310\" alt=\"\" srcset=\"https:\/\/ccdmdp.com.ar\/wp-content\/uploads\/2025\/12\/589382698_1284311597073169_4837732979420826263_n-300x157.jpg 300w, https:\/\/ccdmdp.com.ar\/wp-content\/uploads\/2025\/12\/589382698_1284311597073169_4837732979420826263_n-768x402.jpg 768w, https:\/\/ccdmdp.com.ar\/wp-content\/uploads\/2025\/12\/589382698_1284311597073169_4837732979420826263_n.jpg 899w\" sizes=\"(max-width: 300px) 100vw, 300px\" \/><\/div><\/a>\n\t\t\t\t<div class=\"elementor-post__text\">\n\t\t\t\t<h3 class=\"elementor-post__title\">\n\t\t\t<a href=\"https:\/\/ccdmdp.com.ar\/?p=4309\" >\n\t\t\t\tParticipaci\u00f3n en el evento internacional &#8220;Econom\u00eda y Sociedad del Cuidado&#8221; en Panam\u00e1\t\t\t<\/a>\n\t\t<\/h3>\n\t\t\t\t<div class=\"elementor-post__excerpt\">\n\t\t\t<p>#panama\u00a0 @andrea.larrubia de @ccdmardelplata particip\u00f3 del panel Cooperativismo y Cuidados \u2013 Experiencias, desaf\u00edos y compromisos para la acci\u00f3n \u2013 con<\/p>\n\t\t<\/div>\n\t\t\n\t\t<a class=\"elementor-post__read-more\" href=\"https:\/\/ccdmdp.com.ar\/?p=4309\" aria-label=\"Read more about Participaci\u00f3n en el evento internacional &#8220;Econom\u00eda y Sociedad del Cuidado&#8221; en Panam\u00e1\" tabindex=\"-1\" >\n\t\t\tLEER M\u00c1S\t\t<\/a>\n\n\t\t\t\t<\/div>\n\t\t\t\t\t<\/div>\n\t\t<\/article>\n\t\t\t\t<article class=\"elementor-post elementor-grid-item post-4305 post type-post status-publish format-standard has-post-thumbnail hentry category-eventos category-novedades tag-anointernacionaldelascooperativas-trabajocooperativo\">\n\t\t\t<div class=\"elementor-post__card\">\n\t\t\t\t<a class=\"elementor-post__thumbnail__link\" href=\"https:\/\/ccdmdp.com.ar\/?p=4305\" tabindex=\"-1\" ><div class=\"elementor-post__thumbnail\"><img loading=\"lazy\" decoding=\"async\" width=\"300\" height=\"251\" src=\"https:\/\/ccdmdp.com.ar\/wp-content\/uploads\/2025\/12\/91-ANIVERSARIO-COOP-ELECTRICA-300x251.png\" class=\"attachment-medium size-medium wp-image-4306\" alt=\"\" srcset=\"https:\/\/ccdmdp.com.ar\/wp-content\/uploads\/2025\/12\/91-ANIVERSARIO-COOP-ELECTRICA-300x251.png 300w, https:\/\/ccdmdp.com.ar\/wp-content\/uploads\/2025\/12\/91-ANIVERSARIO-COOP-ELECTRICA-768x644.png 768w, https:\/\/ccdmdp.com.ar\/wp-content\/uploads\/2025\/12\/91-ANIVERSARIO-COOP-ELECTRICA.png 940w\" sizes=\"(max-width: 300px) 100vw, 300px\" \/><\/div><\/a>\n\t\t\t\t<div class=\"elementor-post__text\">\n\t\t\t\t<h3 class=\"elementor-post__title\">\n\t\t\t<a href=\"https:\/\/ccdmdp.com.ar\/?p=4305\" >\n\t\t\t\t91\u00ba Aniversario de Cooperativa El\u00e9ctrica Mar del Plata\t\t\t<\/a>\n\t\t<\/h3>\n\t\t\t\t<div class=\"elementor-post__excerpt\">\n\t\t\t<p>Saludamos afectuosamente a la Cooperativa El\u00e9ctrica Mar del Plata en su 91\u00ba aniversario!!!<\/p>\n\t\t<\/div>\n\t\t\n\t\t<a class=\"elementor-post__read-more\" href=\"https:\/\/ccdmdp.com.ar\/?p=4305\" aria-label=\"Read more about 91\u00ba Aniversario de Cooperativa El\u00e9ctrica Mar del Plata\" tabindex=\"-1\" >\n\t\t\tLEER M\u00c1S\t\t<\/a>\n\n\t\t\t\t<\/div>\n\t\t\t\t\t<\/div>\n\t\t<\/article>\n\t\t\t\t<article class=\"elementor-post elementor-grid-item post-4294 post type-post status-publish format-standard has-post-thumbnail hentry category-eventos category-novedades category-servicio-de-cuidados tag-anointernacionaldelascooperativas-trabajocooperativo tag-cuidadoresdomiciliarios tag-elartedecuidaralaspersonas tag-expoferiacooperativa tag-personasquecuidan tag-trabajocooperativo-serviciodecuidados-cuidadoras-cuidadores\">\n\t\t\t<div class=\"elementor-post__card\">\n\t\t\t\t<a class=\"elementor-post__thumbnail__link\" href=\"https:\/\/ccdmdp.com.ar\/?p=4294\" tabindex=\"-1\" ><div class=\"elementor-post__thumbnail\"><img loading=\"lazy\" decoding=\"async\" width=\"300\" height=\"225\" src=\"https:\/\/ccdmdp.com.ar\/wp-content\/uploads\/2025\/11\/IMG_20251115_113447516-300x225.jpg\" class=\"attachment-medium size-medium wp-image-4297\" alt=\"\" srcset=\"https:\/\/ccdmdp.com.ar\/wp-content\/uploads\/2025\/11\/IMG_20251115_113447516-300x225.jpg 300w, https:\/\/ccdmdp.com.ar\/wp-content\/uploads\/2025\/11\/IMG_20251115_113447516-1024x768.jpg 1024w, https:\/\/ccdmdp.com.ar\/wp-content\/uploads\/2025\/11\/IMG_20251115_113447516-768x576.jpg 768w, https:\/\/ccdmdp.com.ar\/wp-content\/uploads\/2025\/11\/IMG_20251115_113447516-1536x1152.jpg 1536w, https:\/\/ccdmdp.com.ar\/wp-content\/uploads\/2025\/11\/IMG_20251115_113447516-2048x1536.jpg 2048w\" sizes=\"(max-width: 300px) 100vw, 300px\" \/><\/div><\/a>\n\t\t\t\t<div class=\"elementor-post__text\">\n\t\t\t\t<h3 class=\"elementor-post__title\">\n\t\t\t<a href=\"https:\/\/ccdmdp.com.ar\/?p=4294\" >\n\t\t\t\tHay equipo!! Expo-Feria Cooperativa 2\u00ba edici\u00f3n\t\t\t<\/a>\n\t\t<\/h3>\n\t\t\t\t<div class=\"elementor-post__excerpt\">\n\t\t\t<p>Participamos en esta nueva edici\u00f3n de la Expo Feria Cooperativa para celebrar y despedir, en comunidad, el A\u00f1o Internacional de<\/p>\n\t\t<\/div>\n\t\t\n\t\t<a class=\"elementor-post__read-more\" href=\"https:\/\/ccdmdp.com.ar\/?p=4294\" aria-label=\"Read more about Hay equipo!! Expo-Feria Cooperativa 2\u00ba edici\u00f3n\" tabindex=\"-1\" >\n\t\t\tLEER M\u00c1S\t\t<\/a>\n\n\t\t\t\t<\/div>\n\t\t\t\t\t<\/div>\n\t\t<\/article>\n\t\t\t\t<article class=\"elementor-post elementor-grid-item post-4291 post type-post status-publish format-standard has-post-thumbnail hentry category-eventos category-novedades\">\n\t\t\t<div class=\"elementor-post__card\">\n\t\t\t\t<a class=\"elementor-post__thumbnail__link\" href=\"https:\/\/ccdmdp.com.ar\/?p=4291\" tabindex=\"-1\" ><div class=\"elementor-post__thumbnail\"><img loading=\"lazy\" decoding=\"async\" width=\"300\" height=\"251\" src=\"https:\/\/ccdmdp.com.ar\/wp-content\/uploads\/2025\/11\/54-ANIVERSARIO-AMI-300x251.png\" class=\"attachment-medium size-medium wp-image-4292\" alt=\"\" srcset=\"https:\/\/ccdmdp.com.ar\/wp-content\/uploads\/2025\/11\/54-ANIVERSARIO-AMI-300x251.png 300w, https:\/\/ccdmdp.com.ar\/wp-content\/uploads\/2025\/11\/54-ANIVERSARIO-AMI-768x644.png 768w, https:\/\/ccdmdp.com.ar\/wp-content\/uploads\/2025\/11\/54-ANIVERSARIO-AMI.png 940w\" sizes=\"(max-width: 300px) 100vw, 300px\" \/><\/div><\/a>\n\t\t\t\t<div class=\"elementor-post__text\">\n\t\t\t\t<h3 class=\"elementor-post__title\">\n\t\t\t<a href=\"https:\/\/ccdmdp.com.ar\/?p=4291\" >\n\t\t\t\t54\u00ba aniversario de la Mutual AMI\t\t\t<\/a>\n\t\t<\/h3>\n\t\t\t\t<div class=\"elementor-post__excerpt\">\n\t\t\t<p>\u00a0 Saludamos afectuosamente a la Mutual AMI\u00a0 en su 54\u00ba aniversario!!!<\/p>\n\t\t<\/div>\n\t\t\n\t\t<a class=\"elementor-post__read-more\" href=\"https:\/\/ccdmdp.com.ar\/?p=4291\" aria-label=\"Read more about 54\u00ba aniversario de la Mutual AMI\" tabindex=\"-1\" >\n\t\t\tLEER M\u00c1S\t\t<\/a>\n\n\t\t\t\t<\/div>\n\t\t\t\t\t<\/div>\n\t\t<\/article>\n\t\t\t\t<article class=\"elementor-post elementor-grid-item post-4288 post type-post status-publish format-standard has-post-thumbnail hentry category-eventos category-novedades category-servicio-de-cuidados tag-anointernacionaldelascooperativas-trabajocooperativo\">\n\t\t\t<div class=\"elementor-post__card\">\n\t\t\t\t<a class=\"elementor-post__thumbnail__link\" href=\"https:\/\/ccdmdp.com.ar\/?p=4288\" tabindex=\"-1\" ><div class=\"elementor-post__thumbnail\"><img loading=\"lazy\" decoding=\"async\" width=\"212\" height=\"300\" src=\"https:\/\/ccdmdp.com.ar\/wp-content\/uploads\/2025\/11\/Imagen-de-WhatsApp-2025-11-10-a-las-10.28.31_f48260db-212x300.jpg\" class=\"attachment-medium size-medium wp-image-4289\" alt=\"\" srcset=\"https:\/\/ccdmdp.com.ar\/wp-content\/uploads\/2025\/11\/Imagen-de-WhatsApp-2025-11-10-a-las-10.28.31_f48260db-212x300.jpg 212w, https:\/\/ccdmdp.com.ar\/wp-content\/uploads\/2025\/11\/Imagen-de-WhatsApp-2025-11-10-a-las-10.28.31_f48260db-724x1024.jpg 724w, https:\/\/ccdmdp.com.ar\/wp-content\/uploads\/2025\/11\/Imagen-de-WhatsApp-2025-11-10-a-las-10.28.31_f48260db-768x1086.jpg 768w, https:\/\/ccdmdp.com.ar\/wp-content\/uploads\/2025\/11\/Imagen-de-WhatsApp-2025-11-10-a-las-10.28.31_f48260db-1086x1536.jpg 1086w, https:\/\/ccdmdp.com.ar\/wp-content\/uploads\/2025\/11\/Imagen-de-WhatsApp-2025-11-10-a-las-10.28.31_f48260db.jpg 1131w\" sizes=\"(max-width: 212px) 100vw, 212px\" \/><\/div><\/a>\n\t\t\t\t<div class=\"elementor-post__text\">\n\t\t\t\t<h3 class=\"elementor-post__title\">\n\t\t\t<a href=\"https:\/\/ccdmdp.com.ar\/?p=4288\" >\n\t\t\t\tConvocatoria abierta a todas las cooperativas de MGP\t\t\t<\/a>\n\t\t<\/h3>\n\t\t\t\t<div class=\"elementor-post__excerpt\">\n\t\t\t<p>Participaremos en la 2\u00ba Edici\u00f3n de la Expo-Feria Cooperativa 2025 despidiendo el &#8220;A\u00f1o Internacional de las Cooperativas&#8221; este pr\u00f3ximo s\u00e1bado<\/p>\n\t\t<\/div>\n\t\t\n\t\t<a class=\"elementor-post__read-more\" href=\"https:\/\/ccdmdp.com.ar\/?p=4288\" aria-label=\"Read more about Convocatoria abierta a todas las cooperativas de MGP\" tabindex=\"-1\" >\n\t\t\tLEER M\u00c1S\t\t<\/a>\n\n\t\t\t\t<\/div>\n\t\t\t\t\t<\/div>\n\t\t<\/article>\n\t\t\t\t<\/div>\n\t\t\n\t\t\t\t<div class=\"e-load-more-anchor\" data-page=\"1\" data-max-page=\"29\" data-next-page=\"https:\/\/ccdmdp.com.ar\/index.php?rest_route=%2Fwp%2Fv2%2Fpages%2F2565&#038;paged=2\"><\/div>\n\t\t\t\t<nav class=\"elementor-pagination\" aria-label=\"Pagination\">\n\t\t\t<span class=\"page-numbers prev\">&laquo; ANTERIOR<\/span>\n<span aria-current=\"page\" class=\"page-numbers current\"><span class=\"elementor-screen-only\">Page<\/span>1<\/span>\n<a class=\"page-numbers\" href=\"https:\/\/ccdmdp.com.ar\/index.php\/?paged=2\"><span class=\"elementor-screen-only\">Page<\/span>2<\/a>\n<a class=\"page-numbers\" href=\"https:\/\/ccdmdp.com.ar\/index.php\/?paged=3\"><span class=\"elementor-screen-only\">Page<\/span>3<\/a>\n<a class=\"page-numbers\" href=\"https:\/\/ccdmdp.com.ar\/index.php\/?paged=4\"><span class=\"elementor-screen-only\">Page<\/span>4<\/a>\n<a class=\"page-numbers\" href=\"https:\/\/ccdmdp.com.ar\/index.php\/?paged=5\"><span class=\"elementor-screen-only\">Page<\/span>5<\/a>\n<a class=\"page-numbers next\" href=\"https:\/\/ccdmdp.com.ar\/index.php?rest_route=%2Fwp%2Fv2%2Fpages%2F2565&#038;paged=2\">SIGUIENTE &raquo;<\/a>\t\t<\/nav>\n\t\t\t\t\t\t<\/div>\n\t\t\t\t<\/div>\n\t\t\t\t\t<\/div>\n\t\t\t\t<\/div>\n\t\t<div class=\"elementor-element elementor-element-420b7b1 e-flex e-con-boxed e-con e-parent\" data-id=\"420b7b1\" data-element_type=\"container\" data-e-type=\"container\">\n\t\t\t\t\t<div class=\"e-con-inner\">\n\t\t\t\t<div class=\"elementor-element elementor-element-44c5bf5 elementor-widget elementor-widget-spacer\" data-id=\"44c5bf5\" data-element_type=\"widget\" data-e-type=\"widget\" data-widget_type=\"spacer.default\">\n\t\t\t\t<div class=\"elementor-widget-container\">\n\t\t\t\t\t\t\t<div class=\"elementor-spacer\">\n\t\t\t<div class=\"elementor-spacer-inner\"><\/div>\n\t\t<\/div>\n\t\t\t\t\t\t<\/div>\n\t\t\t\t<\/div>\n\t\t\t\t\t<\/div>\n\t\t\t\t<\/div>\n\t\t\t\t<\/div>\n\t\t","protected":false},"excerpt":{"rendered":"<p>Novedades<\/p>\n","protected":false},"author":1,"featured_media":0,"parent":0,"menu_order":0,"comment_status":"closed","ping_status":"closed","template":"","meta":{"site-sidebar-layout":"no-sidebar","site-content-layout":"","ast-site-content-layout":"full-width-container","site-content-style":"default","site-sidebar-style":"default","ast-global-header-display":"","ast-banner-title-visibility":"","ast-main-header-display":"","ast-hfb-above-header-display":"","ast-hfb-below-header-display":"","ast-hfb-mobile-header-display":"","site-post-title":"disabled","ast-breadcrumbs-content":"","ast-featured-img":"disabled","footer-sml-layout":"","theme-transparent-header-meta":"","adv-header-id-meta":"","stick-header-meta":"","header-above-stick-meta":"","header-main-stick-meta":"","header-below-stick-meta":"","astra-migrate-meta-layouts":"default","ast-page-background-enabled":"default","ast-page-background-meta":{"desktop":{"background-color":"var(--ast-global-color-4)","background-image":"","background-repeat":"repeat","background-position":"center center","background-size":"auto","background-attachment":"scroll","background-type":"","background-media":"","overlay-type":"","overlay-color":"","overlay-opacity":"","overlay-gradient":""},"tablet":{"background-color":"","background-image":"","background-repeat":"repeat","background-position":"center center","background-size":"auto","background-attachment":"scroll","background-type":"","background-media":"","overlay-type":"","overlay-color":"","overlay-opacity":"","overlay-gradient":""},"mobile":{"background-color":"","background-image":"","background-repeat":"repeat","background-position":"center center","background-size":"auto","background-attachment":"scroll","background-type":"","background-media":"","overlay-type":"","overlay-color":"","overlay-opacity":"","overlay-gradient":""}},"ast-content-background-meta":{"desktop":{"background-color":"var(--ast-global-color-5)","background-image":"","background-repeat":"repeat","background-position":"center center","background-size":"auto","background-attachment":"scroll","background-type":"","background-media":"","overlay-type":"","overlay-color":"","overlay-opacity":"","overlay-gradient":""},"tablet":{"background-color":"var(--ast-global-color-5)","background-image":"","background-repeat":"repeat","background-position":"center center","background-size":"auto","background-attachment":"scroll","background-type":"","background-media":"","overlay-type":"","overlay-color":"","overlay-opacity":"","overlay-gradient":""},"mobile":{"background-color":"var(--ast-global-color-5)","background-image":"","background-repeat":"repeat","background-position":"center center","background-size":"auto","background-attachment":"scroll","background-type":"","background-media":"","overlay-type":"","overlay-color":"","overlay-opacity":"","overlay-gradient":""}},"footnotes":""},"class_list":["post-2565","page","type-page","status-publish","hentry"],"acf":[],"_links":{"self":[{"href":"https:\/\/ccdmdp.com.ar\/index.php?rest_route=\/wp\/v2\/pages\/2565","targetHints":{"allow":["GET"]}}],"collection":[{"href":"https:\/\/ccdmdp.com.ar\/index.php?rest_route=\/wp\/v2\/pages"}],"about":[{"href":"https:\/\/ccdmdp.com.ar\/index.php?rest_route=\/wp\/v2\/types\/page"}],"author":[{"embeddable":true,"href":"https:\/\/ccdmdp.com.ar\/index.php?rest_route=\/wp\/v2\/users\/1"}],"replies":[{"embeddable":true,"href":"https:\/\/ccdmdp.com.ar\/index.php?rest_route=%2Fwp%2Fv2%2Fcomments&post=2565"}],"version-history":[{"count":58,"href":"https:\/\/ccdmdp.com.ar\/index.php?rest_route=\/wp\/v2\/pages\/2565\/revisions"}],"predecessor-version":[{"id":3906,"href":"https:\/\/ccdmdp.com.ar\/index.php?rest_route=\/wp\/v2\/pages\/2565\/revisions\/3906"}],"wp:attachment":[{"href":"https:\/\/ccdmdp.com.ar\/index.php?rest_route=%2Fwp%2Fv2%2Fmedia&parent=2565"}],"curies":[{"name":"wp","href":"https:\/\/api.w.org\/{rel}","templated":true}]}}