{"id":2563,"date":"2024-01-08T12:10:44","date_gmt":"2024-01-08T15:10:44","guid":{"rendered":"https:\/\/ccdmdq.com.ar\/?page_id=2563"},"modified":"2025-01-22T23:21:17","modified_gmt":"2025-01-23T02:21:17","slug":"cooperativismo","status":"publish","type":"page","link":"https:\/\/ccdmdp.com.ar\/?page_id=2563","title":{"rendered":"COOPERATIVISMO"},"content":{"rendered":"\t\t<div data-elementor-type=\"wp-page\" data-elementor-id=\"2563\" class=\"elementor elementor-2563\" data-elementor-post-type=\"page\">\n\t\t\t\t<div class=\"elementor-element elementor-element-e8ce3f2 e-dte-flex e-flex e-con-boxed e-con e-parent\" data-id=\"e8ce3f2\" data-element_type=\"container\" data-e-type=\"container\" data-settings=\"{&quot;background_background&quot;:&quot;classic&quot;,&quot;dte_container_type&quot;:&quot;flex&quot;}\">\n\t\t\t\t\t<div class=\"e-con-inner\">\n\t\t\t\t\t<\/div>\n\t\t\t\t<\/div>\n\t\t<div class=\"elementor-element elementor-element-5ec8865 e-dte-flex e-flex e-con-boxed e-con e-parent\" data-id=\"5ec8865\" data-element_type=\"container\" data-e-type=\"container\" data-settings=\"{&quot;dte_container_type&quot;:&quot;flex&quot;}\">\n\t\t\t\t\t<div class=\"e-con-inner\">\n\t\t\t\t<div class=\"elementor-element elementor-element-c2b8532 elementor-widget elementor-widget-spacer\" data-id=\"c2b8532\" data-element_type=\"widget\" data-e-type=\"widget\" data-widget_type=\"spacer.default\">\n\t\t\t\t<div class=\"elementor-widget-container\">\n\t\t\t\t\t\t\t<div class=\"elementor-spacer\">\n\t\t\t<div class=\"elementor-spacer-inner\"><\/div>\n\t\t<\/div>\n\t\t\t\t\t\t<\/div>\n\t\t\t\t<\/div>\n\t\t\t\t\t<\/div>\n\t\t\t\t<\/div>\n\t\t<div class=\"elementor-element elementor-element-12dd6a2 e-dte-flex e-flex e-con-boxed e-con e-parent\" data-id=\"12dd6a2\" data-element_type=\"container\" data-e-type=\"container\" data-settings=\"{&quot;dte_container_type&quot;:&quot;flex&quot;}\">\n\t\t\t\t\t<div class=\"e-con-inner\">\n\t\t\t\t<div class=\"elementor-element elementor-element-79c114a elementor-widget elementor-widget-heading\" data-id=\"79c114a\" data-element_type=\"widget\" data-e-type=\"widget\" data-widget_type=\"heading.default\">\n\t\t\t\t<div class=\"elementor-widget-container\">\n\t\t\t\t\t<h1 class=\"elementor-heading-title elementor-size-default\">Cooperativismo\n<\/h1>\t\t\t\t<\/div>\n\t\t\t\t<\/div>\n\t\t\t\t\t<\/div>\n\t\t\t\t<\/div>\n\t\t<div class=\"elementor-element elementor-element-d7006bf e-dte-flex e-flex e-con-boxed e-con e-parent\" data-id=\"d7006bf\" data-element_type=\"container\" data-e-type=\"container\" data-settings=\"{&quot;dte_container_type&quot;:&quot;flex&quot;}\">\n\t\t\t\t\t<div class=\"e-con-inner\">\n\t\t\t\t<div class=\"elementor-element elementor-element-ad54655 elementor-widget elementor-widget-text-editor\" data-id=\"ad54655\" data-element_type=\"widget\" data-e-type=\"widget\" data-widget_type=\"text-editor.default\">\n\t\t\t\t<div class=\"elementor-widget-container\">\n\t\t\t\t\t\t\t\t\t<p>Definici\u00f3n de cooperativas de la ACI (Alianza Cooperativa Internacional)<\/p>\t\t\t\t\t\t\t\t<\/div>\n\t\t\t\t<\/div>\n\t\t\t\t\t<\/div>\n\t\t\t\t<\/div>\n\t\t<div class=\"elementor-element elementor-element-568ffd6 e-dte-flex e-flex e-con-boxed e-con e-parent\" data-id=\"568ffd6\" data-element_type=\"container\" data-e-type=\"container\" data-settings=\"{&quot;dte_container_type&quot;:&quot;flex&quot;}\">\n\t\t\t\t\t<div class=\"e-con-inner\">\n\t\t\t\t<div class=\"elementor-element elementor-element-1efc8f6 elementor-widget elementor-widget-text-editor\" data-id=\"1efc8f6\" data-element_type=\"widget\" data-e-type=\"widget\" data-widget_type=\"text-editor.default\">\n\t\t\t\t<div class=\"elementor-widget-container\">\n\t\t\t\t\t\t\t\t\t<p>Una Cooperativa es una Asociaci\u00f3n aut\u00f3noma de personas que se unen<br \/>voluntariamente para satisfacer sus necesidades y aspiraciones<br \/>econ\u00f3micas, sociales y culturales comunes, mediante una empresa de<br \/>propiedad conjunta democr\u00e1ticamente gestionada<\/p>\t\t\t\t\t\t\t\t<\/div>\n\t\t\t\t<\/div>\n\t\t\t\t\t<\/div>\n\t\t\t\t<\/div>\n\t\t<div class=\"elementor-element elementor-element-4b942df e-dte-flex e-flex e-con-boxed e-con e-parent\" data-id=\"4b942df\" data-element_type=\"container\" data-e-type=\"container\" data-settings=\"{&quot;dte_container_type&quot;:&quot;flex&quot;}\">\n\t\t\t\t\t<div class=\"e-con-inner\">\n\t\t\t\t<div class=\"elementor-element elementor-element-6c4bda0 elementor-widget-divider--view-line elementor-widget elementor-widget-divider\" data-id=\"6c4bda0\" data-element_type=\"widget\" data-e-type=\"widget\" data-widget_type=\"divider.default\">\n\t\t\t\t<div class=\"elementor-widget-container\">\n\t\t\t\t\t\t\t<div class=\"elementor-divider\">\n\t\t\t<span class=\"elementor-divider-separator\">\n\t\t\t\t\t\t<\/span>\n\t\t<\/div>\n\t\t\t\t\t\t<\/div>\n\t\t\t\t<\/div>\n\t\t\t\t\t<\/div>\n\t\t\t\t<\/div>\n\t\t<div class=\"elementor-element elementor-element-0e0941c e-dte-flex e-flex e-con-boxed e-con e-parent\" data-id=\"0e0941c\" data-element_type=\"container\" data-e-type=\"container\" data-settings=\"{&quot;dte_container_type&quot;:&quot;flex&quot;}\">\n\t\t\t\t\t<div class=\"e-con-inner\">\n\t\t\t\t<div class=\"elementor-element elementor-element-c3a6e62 elementor-widget elementor-widget-heading\" data-id=\"c3a6e62\" data-element_type=\"widget\" data-e-type=\"widget\" data-widget_type=\"heading.default\">\n\t\t\t\t<div class=\"elementor-widget-container\">\n\t\t\t\t\t<h2 class=\"elementor-heading-title elementor-size-default\">VALORES<\/h2>\t\t\t\t<\/div>\n\t\t\t\t<\/div>\n\t\t\t\t\t<\/div>\n\t\t\t\t<\/div>\n\t\t<div class=\"elementor-element elementor-element-057572f e-dte-flex e-flex e-con-boxed e-con e-parent\" data-id=\"057572f\" data-element_type=\"container\" data-e-type=\"container\" data-settings=\"{&quot;dte_container_type&quot;:&quot;flex&quot;}\">\n\t\t\t\t\t<div class=\"e-con-inner\">\n\t\t\t\t<div class=\"elementor-element elementor-element-e360715 elementor-widget elementor-widget-text-editor\" data-id=\"e360715\" data-element_type=\"widget\" data-e-type=\"widget\" data-widget_type=\"text-editor.default\">\n\t\t\t\t<div class=\"elementor-widget-container\">\n\t\t\t\t\t\t\t\t\t<p>Las cooperativas est\u00e1n basadas en los valores de: autoayuda, la responsabilidad, democracia, igualdad, equidad y <br \/>solidaridad. En la tradici\u00f3n de sus fundadores, los socios cooperativos sostienen los valores \u00e9ticos de la honestidad, <br \/>apertura, responsabilidad social y preocupaci\u00f3n por los dem\u00e1s.<\/p>\t\t\t\t\t\t\t\t<\/div>\n\t\t\t\t<\/div>\n\t\t\t\t\t<\/div>\n\t\t\t\t<\/div>\n\t\t<div class=\"elementor-element elementor-element-94375b1 e-dte-flex e-flex e-con-boxed e-con e-parent\" data-id=\"94375b1\" data-element_type=\"container\" data-e-type=\"container\" data-settings=\"{&quot;dte_container_type&quot;:&quot;flex&quot;}\">\n\t\t\t\t\t<div class=\"e-con-inner\">\n\t\t\t\t<div class=\"elementor-element elementor-element-b27fc4a elementor-widget-divider--view-line elementor-widget elementor-widget-divider\" data-id=\"b27fc4a\" data-element_type=\"widget\" data-e-type=\"widget\" data-widget_type=\"divider.default\">\n\t\t\t\t<div class=\"elementor-widget-container\">\n\t\t\t\t\t\t\t<div class=\"elementor-divider\">\n\t\t\t<span class=\"elementor-divider-separator\">\n\t\t\t\t\t\t<\/span>\n\t\t<\/div>\n\t\t\t\t\t\t<\/div>\n\t\t\t\t<\/div>\n\t\t\t\t\t<\/div>\n\t\t\t\t<\/div>\n\t\t<div class=\"elementor-element elementor-element-2f157fb e-dte-flex e-flex e-con-boxed e-con e-parent\" data-id=\"2f157fb\" data-element_type=\"container\" data-e-type=\"container\" data-settings=\"{&quot;dte_container_type&quot;:&quot;flex&quot;}\">\n\t\t\t\t\t<div class=\"e-con-inner\">\n\t\t\t\t<div class=\"elementor-element elementor-element-00b1347 elementor-widget elementor-widget-heading\" data-id=\"00b1347\" data-element_type=\"widget\" data-e-type=\"widget\" data-widget_type=\"heading.default\">\n\t\t\t\t<div class=\"elementor-widget-container\">\n\t\t\t\t\t<h2 class=\"elementor-heading-title elementor-size-default\">PRINCIPIOS COOPERATIVOS \u2013 REGLAS DE ORO DEL COOPERATIVISMO\n<\/h2>\t\t\t\t<\/div>\n\t\t\t\t<\/div>\n\t\t\t\t\t<\/div>\n\t\t\t\t<\/div>\n\t\t<div class=\"elementor-element elementor-element-114874f e-dte-flex e-flex e-con-boxed e-con e-parent\" data-id=\"114874f\" data-element_type=\"container\" data-e-type=\"container\" data-settings=\"{&quot;dte_container_type&quot;:&quot;flex&quot;}\">\n\t\t\t\t\t<div class=\"e-con-inner\">\n\t\t\t\t<div class=\"elementor-element elementor-element-4d101c6 elementor-widget elementor-widget-text-editor\" data-id=\"4d101c6\" data-element_type=\"widget\" data-e-type=\"widget\" data-widget_type=\"text-editor.default\">\n\t\t\t\t<div class=\"elementor-widget-container\">\n\t\t\t\t\t\t\t\t\t<p>Los principios cooperativos son pautas mediante las cuales las cooperativas ponen en pr\u00e1ctica sus valores.<\/p><p>La Alianza Cooperativa Internacional defini\u00f3 los siguientes siete principios:<\/p><p><strong>1: Adhesi\u00f3n voluntaria y abierta<\/strong> <\/p><p>Las cooperativas son organizaciones voluntarias, abiertas para todas aquellas personas dispuestas a utilizar sus servicios <br \/>y dispuestas a aceptar las responsabilidades que conlleva la condici\u00f3n de socios, sin discriminaci\u00f3n de g\u00e9nero, raza, clase <br \/>social, posici\u00f3n pol\u00edtica o religiosa.<\/p><p><strong>2: Gesti\u00f3n Democr\u00e1tica por los Socios<\/strong> <\/p><p>Las cooperativas son organizaciones democr\u00e1ticas controladas por sus socios, quienes participan activamente en la <br \/>definici\u00f3n de las pol\u00edticas y en la toma de decisiones. Los hombres y mujeres elegidos para representar a su cooperativa, <br \/>responden ante los socios. En las cooperativas de base, los socios tienen igual derecho de voto (un socio, un voto), <br \/>mientras en las cooperativas de otros niveles tambi\u00e9n se organizan con procedimientos democr\u00e1ticos.<\/p><p><strong>3: Participaci\u00f3n econ\u00f3mica de los Socios<\/strong> <\/p><p>Los socios contribuyen de manera equitativa y controlan de manera democr\u00e1tica el capital de la cooperativa. Usualmente <br \/>reciben una compensaci\u00f3n limitada, si es que hay, sobre el capital suscripto, como condici\u00f3n de socio. Los socios asignan <br \/>excedentes para cualquiera o todos los siguientes prop\u00f3sitos: el desarrollo de la cooperativa, mediante la posible creaci\u00f3n <br \/>de reservas, de las cuales al menos una parte debe ser indivisible; los beneficios para los socios en proporci\u00f3n con sus <br \/>transacciones con la cooperativa; y el apoyo a otras actividades, seg\u00fan lo aprueben los socios.<\/p><p><strong>4: Autonom\u00eda e Independencia<\/strong> <\/p><p>Las cooperativas son organizaciones aut\u00f3nomas de ayuda mutua controladas por sus socios. Si entran en acuerdos con <br \/>otras organizaciones (incluyendo gobiernos) o tienen capital de fuentes externas, lo realizan en t\u00e9rminos que aseguren el <br \/>control democr\u00e1tico por parte de sus socios y mantengan la autonom\u00eda de la cooperativa.<\/p><p><strong>5: Educaci\u00f3n, Formaci\u00f3n e Informaci\u00f3n<\/strong> <\/p><p>Las cooperativas brindan educaci\u00f3n y entrenamiento a sus socios, a sus dirigentes electos, gerentes y empleados, de tal <br \/>forma que contribuyan eficazmente al desarrollo de sus cooperativas. Las cooperativas informan al p\u00fablico en general, <br \/>particularmente a los j\u00f3venes y creadores de opini\u00f3n acerca de la naturaleza y beneficios del cooperativismo.<\/p><p><strong>6: Cooperaci\u00f3n entre Cooperativas<\/strong> <\/p><p>Las cooperativas sirven a sus socios m\u00e1s eficazmente y fortalecen el movimiento cooperativo, trabajando de manera <br \/>conjunta por medio de estructuras locales, nacionales, regionales e internacionales.<\/p><p><strong>7: Preocupaci\u00f3n por la Comunidad<\/strong> <\/p><p>La cooperativa trabaja para el desarrollo sostenible de su comunidad por medio de pol\u00edticas aceptadas por sus socios. Al <br \/>mismo tiempo que se centran en las necesidades y los deseos de los socios, las cooperativas trabajan para conseguir el <br \/>desarrollo sostenible de las comunidades,seg\u00fan los criterios aprobados por los socios.<\/p>\t\t\t\t\t\t\t\t<\/div>\n\t\t\t\t<\/div>\n\t\t\t\t\t<\/div>\n\t\t\t\t<\/div>\n\t\t<div class=\"elementor-element elementor-element-f04e92d e-dte-flex e-flex e-con-boxed e-con e-parent\" data-id=\"f04e92d\" data-element_type=\"container\" data-e-type=\"container\" data-settings=\"{&quot;dte_container_type&quot;:&quot;flex&quot;}\">\n\t\t\t\t\t<div class=\"e-con-inner\">\n\t\t\t\t<div class=\"elementor-element elementor-element-809e401 elementor-widget elementor-widget-spacer\" data-id=\"809e401\" data-element_type=\"widget\" data-e-type=\"widget\" data-widget_type=\"spacer.default\">\n\t\t\t\t<div class=\"elementor-widget-container\">\n\t\t\t\t\t\t\t<div class=\"elementor-spacer\">\n\t\t\t<div class=\"elementor-spacer-inner\"><\/div>\n\t\t<\/div>\n\t\t\t\t\t\t<\/div>\n\t\t\t\t<\/div>\n\t\t\t\t\t<\/div>\n\t\t\t\t<\/div>\n\t\t\t\t<\/div>\n\t\t","protected":false},"excerpt":{"rendered":"<p>Cooperativismo Definici\u00f3n de cooperativas de la ACI (Alianza Cooperativa Internacional) Una Cooperativa es una Asociaci\u00f3n aut\u00f3noma de personas que se [&hellip;]<\/p>\n","protected":false},"author":1,"featured_media":0,"parent":0,"menu_order":0,"comment_status":"closed","ping_status":"closed","template":"","meta":{"site-sidebar-layout":"no-sidebar","site-content-layout":"","ast-site-content-layout":"full-width-container","site-content-style":"default","site-sidebar-style":"default","ast-global-header-display":"","ast-banner-title-visibility":"","ast-main-header-display":"","ast-hfb-above-header-display":"","ast-hfb-below-header-display":"","ast-hfb-mobile-header-display":"","site-post-title":"disabled","ast-breadcrumbs-content":"","ast-featured-img":"disabled","footer-sml-layout":"","theme-transparent-header-meta":"","adv-header-id-meta":"","stick-header-meta":"","header-above-stick-meta":"","header-main-stick-meta":"","header-below-stick-meta":"","astra-migrate-meta-layouts":"default","ast-page-background-enabled":"default","ast-page-background-meta":{"desktop":{"background-color":"var(--ast-global-color-4)","background-image":"","background-repeat":"repeat","background-position":"center center","background-size":"auto","background-attachment":"scroll","background-type":"","background-media":"","overlay-type":"","overlay-color":"","overlay-opacity":"","overlay-gradient":""},"tablet":{"background-color":"","background-image":"","background-repeat":"repeat","background-position":"center center","background-size":"auto","background-attachment":"scroll","background-type":"","background-media":"","overlay-type":"","overlay-color":"","overlay-opacity":"","overlay-gradient":""},"mobile":{"background-color":"","background-image":"","background-repeat":"repeat","background-position":"center center","background-size":"auto","background-attachment":"scroll","background-type":"","background-media":"","overlay-type":"","overlay-color":"","overlay-opacity":"","overlay-gradient":""}},"ast-content-background-meta":{"desktop":{"background-color":"var(--ast-global-color-5)","background-image":"","background-repeat":"repeat","background-position":"center center","background-size":"auto","background-attachment":"scroll","background-type":"","background-media":"","overlay-type":"","overlay-color":"","overlay-opacity":"","overlay-gradient":""},"tablet":{"background-color":"var(--ast-global-color-5)","background-image":"","background-repeat":"repeat","background-position":"center center","background-size":"auto","background-attachment":"scroll","background-type":"","background-media":"","overlay-type":"","overlay-color":"","overlay-opacity":"","overlay-gradient":""},"mobile":{"background-color":"var(--ast-global-color-5)","background-image":"","background-repeat":"repeat","background-position":"center center","background-size":"auto","background-attachment":"scroll","background-type":"","background-media":"","overlay-type":"","overlay-color":"","overlay-opacity":"","overlay-gradient":""}},"footnotes":""},"class_list":["post-2563","page","type-page","status-publish","hentry"],"acf":[],"_links":{"self":[{"href":"https:\/\/ccdmdp.com.ar\/index.php?rest_route=\/wp\/v2\/pages\/2563","targetHints":{"allow":["GET"]}}],"collection":[{"href":"https:\/\/ccdmdp.com.ar\/index.php?rest_route=\/wp\/v2\/pages"}],"about":[{"href":"https:\/\/ccdmdp.com.ar\/index.php?rest_route=\/wp\/v2\/types\/page"}],"author":[{"embeddable":true,"href":"https:\/\/ccdmdp.com.ar\/index.php?rest_route=\/wp\/v2\/users\/1"}],"replies":[{"embeddable":true,"href":"https:\/\/ccdmdp.com.ar\/index.php?rest_route=%2Fwp%2Fv2%2Fcomments&post=2563"}],"version-history":[{"count":28,"href":"https:\/\/ccdmdp.com.ar\/index.php?rest_route=\/wp\/v2\/pages\/2563\/revisions"}],"predecessor-version":[{"id":3933,"href":"https:\/\/ccdmdp.com.ar\/index.php?rest_route=\/wp\/v2\/pages\/2563\/revisions\/3933"}],"wp:attachment":[{"href":"https:\/\/ccdmdp.com.ar\/index.php?rest_route=%2Fwp%2Fv2%2Fmedia&parent=2563"}],"curies":[{"name":"wp","href":"https:\/\/api.w.org\/{rel}","templated":true}]}}